{"id":120,"date":"2024-02-14T14:46:22","date_gmt":"2024-02-14T17:46:22","guid":{"rendered":"https:\/\/webprisma.com.br\/memoriadamusica\/?page_id=120"},"modified":"2025-10-17T17:52:21","modified_gmt":"2025-10-17T20:52:21","slug":"home","status":"publish","type":"page","link":"https:\/\/www.memoriadamusica.com.br\/","title":{"rendered":"Home"},"content":{"rendered":"\t\t<div data-elementor-type=\"wp-page\" data-elementor-id=\"120\" class=\"elementor elementor-120\" data-elementor-settings=\"{&quot;ha_cmc_init_switcher&quot;:&quot;no&quot;}\" data-elementor-post-type=\"page\">\n\t\t\t\t<div class=\"elementor-element elementor-element-f149dd4 e-flex e-con-boxed e-con e-parent\" data-id=\"f149dd4\" data-element_type=\"container\" data-e-type=\"container\">\n\t\t\t\t\t<div class=\"e-con-inner\">\n\t\t\t\t<div class=\"elementor-element elementor-element-c2a8fcd elementor--h-position-center elementor--v-position-middle elementor-arrows-position-inside elementor-pagination-position-inside elementor-widget elementor-widget-slides\" data-id=\"c2a8fcd\" data-element_type=\"widget\" data-e-type=\"widget\" data-settings=\"{&quot;navigation&quot;:&quot;both&quot;,&quot;autoplay&quot;:&quot;yes&quot;,&quot;pause_on_hover&quot;:&quot;yes&quot;,&quot;pause_on_interaction&quot;:&quot;yes&quot;,&quot;autoplay_speed&quot;:5000,&quot;infinite&quot;:&quot;yes&quot;,&quot;transition&quot;:&quot;slide&quot;,&quot;transition_speed&quot;:500}\" data-widget_type=\"slides.default\">\n\t\t\t\t<div class=\"elementor-widget-container\">\n\t\t\t\t\t\t\t\t\t<div class=\"elementor-swiper\">\n\t\t\t\t\t<div class=\"elementor-slides-wrapper elementor-main-swiper swiper\" role=\"region\" aria-roledescription=\"carousel\" aria-label=\"Slides\" dir=\"ltr\" data-animation=\"fadeInUp\">\n\t\t\t\t<div class=\"swiper-wrapper elementor-slides\">\n\t\t\t\t\t\t\t\t\t\t<div class=\"elementor-repeater-item-cf3d4d7 swiper-slide\" role=\"group\" aria-roledescription=\"slide\"><div class=\"swiper-slide-bg\" role=\"img\" aria-label=\"\"><\/div><div class=\"elementor-background-overlay\"><\/div><div class=\"swiper-slide-inner\" ><div class=\"swiper-slide-contents\"><div class=\"elementor-slide-heading\">Dossi\u00ea Hist\u00f3ria e Culturas Sonoras<\/div><a href=\"https:\/\/www.revistas.usp.br\/revhistoria\/article\/view\/213966\" target=\"_blank\" class=\"elementor-button elementor-slide-button elementor-size-sm\">Saiba mais<\/a><\/div><\/div><\/div><div class=\"elementor-repeater-item-6a1e819 swiper-slide\" role=\"group\" aria-roledescription=\"slide\"><div class=\"swiper-slide-bg\" role=\"img\" aria-label=\"\"><\/div><div class=\"elementor-background-overlay\"><\/div><div class=\"swiper-slide-inner\" ><div class=\"swiper-slide-contents\"><div class=\"elementor-slide-heading\">Hist\u00f3ria da M\u00fasica no Brasil<\/div><a href=\"https:\/\/www.anppom.com.br\/ebooks\/index.php\/pmb\/catalog\/book\/41\" target=\"_blank\" class=\"elementor-button elementor-slide-button elementor-size-sm\">Saiba mais<\/a><\/div><\/div><\/div><div class=\"elementor-repeater-item-82ab7b2 swiper-slide\" role=\"group\" aria-roledescription=\"slide\"><div class=\"swiper-slide-bg\" role=\"img\" aria-label=\"Music device. Old gramophone with plate or vinyl disk on wooden box. Antique brass record player. Gramophone with horn speaker. Retro entertainment concept.\"><\/div><div class=\"elementor-background-overlay\"><\/div><div class=\"swiper-slide-inner\" ><div class=\"swiper-slide-contents\"><div class=\"elementor-slide-heading\">Hist\u00f3ria e M\u00fasica na Universidade<\/div><div class=\"elementor-slide-description\">Nas \u00faltimas duas d\u00e9cadas houve entre os historiadores certa multiplica\u00e7\u00e3o de trabalhos e pesquisas acad\u00eamicas realizadas...<\/div><a href=\"https:\/\/www.memoriadamusica.com.br\/index.php\/historia-e-musica-na-universidade\/\" class=\"elementor-button elementor-slide-button elementor-size-sm\">Saiba mais<\/a><\/div><\/div><\/div><div class=\"elementor-repeater-item-c371055 swiper-slide\" role=\"group\" aria-roledescription=\"slide\"><div class=\"swiper-slide-bg\" role=\"img\" aria-label=\"Foto 5 B.Jr e Bonecos\"><\/div><div class=\"elementor-background-overlay\"><\/div><div class=\"swiper-slide-inner\" ><div class=\"swiper-slide-contents\"><div class=\"elementor-slide-heading\">Batista J\u00fanior<\/div><div class=\"elementor-slide-description\">Este levantamento discogr\u00e1fico apresenta 70 registros gravados por Batista J\u00fanior, cujas informa\u00e7\u00f5es podem ser acompanhadas na tabela anexa. Neste conjunto, 54 fonogramas est\u00e3o recuperados e dispon\u00edveis para escuta....<\/div><a href=\"https:\/\/www.memoriadamusica.com.br\/index.php\/batista-junior\/\" class=\"elementor-button elementor-slide-button elementor-size-sm\">Saiba mais<\/a><\/div><\/div><\/div><div class=\"elementor-repeater-item-2b3f6d0 swiper-slide\" role=\"group\" aria-roledescription=\"slide\"><div class=\"swiper-slide-bg\" role=\"img\" aria-label=\"memoria-da-musica\"><\/div><div class=\"elementor-background-overlay\"><\/div><div class=\"swiper-slide-inner\" ><div class=\"swiper-slide-contents\"><div class=\"elementor-slide-heading\">Bandas de M\u00fasica em S\u00e3o Paulo no in\u00edcio do s\u00e9culo XX<\/div><div class=\"elementor-slide-description\">Entre o final do s\u00e9culo XIX e as primeiras d\u00e9cadas do s\u00e9culo XX as bandas de m\u00fasica ocuparam de maneira muito atuante os espa\u00e7os p\u00fablicos da cidade de S\u00e3o Paulo...<\/div><a href=\"https:\/\/www.memoriadamusica.com.br\/index.php\/bandas-de-musica-em-sao-paulo-no-inicio-do-seculo-xx\/\" class=\"elementor-button elementor-slide-button elementor-size-sm\">Saiba mais<\/a><\/div><\/div><\/div><div class=\"elementor-repeater-item-6953e05 swiper-slide\" role=\"group\" aria-roledescription=\"slide\"><div class=\"swiper-slide-bg\" role=\"img\" aria-label=\"almra\"><\/div><div class=\"elementor-background-overlay\"><\/div><div class=\"swiper-slide-inner\" ><div class=\"swiper-slide-contents\"><div class=\"elementor-slide-heading\">Almirante<\/div><div class=\"elementor-slide-description\">Almirante, \u201ca mais alta patente do r\u00e1dio\u201d<\/div><a href=\"https:\/\/www.memoriadamusica.com.br\/index.php\/almirante-a-mais-alta-patente-do-radio\/\" class=\"elementor-button elementor-slide-button elementor-size-sm\">Saiba mais<\/a><\/div><\/div><\/div><div class=\"elementor-repeater-item-7f2a501 swiper-slide\" role=\"group\" aria-roledescription=\"slide\"><div class=\"swiper-slide-bg\" role=\"img\" aria-label=\"Design sem nome\"><\/div><div class=\"elementor-background-overlay\"><\/div><div class=\"swiper-slide-inner\" ><div class=\"swiper-slide-contents\"><div class=\"elementor-slide-heading\">Pol\u00edcia e emancipa\u00e7\u00e3o no teatro brasileiro<\/div><div class=\"elementor-slide-description\">Nessa cena fragmentada e vaga, s\u00e3o apresentados vest\u00edgios da hist\u00f3ria de um certo teatro brasileiro com o objetivo de convidar a pensar sobre as rela\u00e7\u00f5es poss\u00edveis (e imposs\u00edveis) entre arte e emancipa\u00e7\u00e3o no Brasil. Para isso, dois acontecimentos s\u00e3o destacados...<\/div><a href=\"https:\/\/www.memoriadamusica.com.br\/index.php\/noticias-e-informacoes\/videoaula-policia-e-emancipacao-no-teatro-brasileiro-luiz-paulo-pimentel-de-souza\/\" target=\"_blank\" class=\"elementor-button elementor-slide-button elementor-size-sm\">Saiba mais<\/a><\/div><\/div><\/div><div class=\"elementor-repeater-item-8ef8a47 swiper-slide\" role=\"group\" aria-roledescription=\"slide\"><div class=\"swiper-slide-bg\" role=\"img\" aria-label=\"1476px-Pieter_Bruegel_the_Elder_-_The_Tower_of_Babel_(Vienna)_-_Google_Art_Project_-_edited\"><\/div><div class=\"elementor-background-overlay\"><\/div><div class=\"swiper-slide-inner\" ><div class=\"swiper-slide-contents\"><div class=\"elementor-slide-heading\">Teatro de Babel<\/div><div class=\"elementor-slide-description\">S\u00e3o Paulo na rota das companhias de teatro musicado entre 1914 e 1934<\/div><a href=\"https:\/\/www.memoriadamusica.com.br\/index.php\/noticias-e-informacoes\/elementor-3270\" class=\"elementor-button elementor-slide-button elementor-size-sm\">Saiba mais<\/a><\/div><\/div><\/div>\t\t\t\t<\/div>\n\t\t\t\t\t\t\t\t\t\t\t\t\t\t\t<div class=\"elementor-swiper-button elementor-swiper-button-prev\" role=\"button\" tabindex=\"0\" aria-label=\"Previous slide\">\n\t\t\t\t\t\t\t<svg aria-hidden=\"true\" class=\"e-font-icon-svg e-eicon-chevron-left\" viewBox=\"0 0 1000 1000\" xmlns=\"http:\/\/www.w3.org\/2000\/svg\"><path d=\"M646 125C629 125 613 133 604 142L308 442C296 454 292 471 292 487 292 504 296 521 308 533L604 854C617 867 629 875 646 875 663 875 679 871 692 858 704 846 713 829 713 812 713 796 708 779 692 767L438 487 692 225C700 217 708 204 708 187 708 171 704 154 692 142 675 129 663 125 646 125Z\"><\/path><\/svg>\t\t\t\t\t\t<\/div>\n\t\t\t\t\t\t<div class=\"elementor-swiper-button elementor-swiper-button-next\" role=\"button\" tabindex=\"0\" aria-label=\"Next slide\">\n\t\t\t\t\t\t\t<svg aria-hidden=\"true\" class=\"e-font-icon-svg e-eicon-chevron-right\" viewBox=\"0 0 1000 1000\" xmlns=\"http:\/\/www.w3.org\/2000\/svg\"><path d=\"M696 533C708 521 713 504 713 487 713 471 708 454 696 446L400 146C388 133 375 125 354 125 338 125 325 129 313 142 300 154 292 171 292 187 292 204 296 221 308 233L563 492 304 771C292 783 288 800 288 817 288 833 296 850 308 863 321 871 338 875 354 875 371 875 388 867 400 854L696 533Z\"><\/path><\/svg>\t\t\t\t\t\t<\/div>\n\t\t\t\t\t\t\t\t\t\t\t\t\t\t\t\t<div class=\"swiper-pagination\"><\/div>\n\t\t\t\t\t\t\t\t\t\t\t\t<\/div>\n\t\t\t\t<\/div>\n\t\t\t\t\t\t\t\t<\/div>\n\t\t\t\t<\/div>\n\t\t\t\t\t<\/div>\n\t\t\t\t<\/div>\n\t\t\t\t<\/div>\n\t\t","protected":false},"excerpt":{"rendered":"<p>Dossi\u00ea Hist\u00f3ria e Culturas SonorasSaiba maisHist\u00f3ria da M\u00fasica no BrasilSaiba maisHist\u00f3ria e M\u00fasica na UniversidadeNas \u00faltimas duas d\u00e9cadas houve entre [&hellip;]<\/p>\n","protected":false},"author":1,"featured_media":0,"parent":0,"menu_order":0,"comment_status":"closed","ping_status":"closed","template":"","meta":{"site-sidebar-layout":"no-sidebar","site-content-layout":"","ast-site-content-layout":"full-width-container","site-content-style":"default","site-sidebar-style":"default","ast-global-header-display":"","ast-banner-title-visibility":"","ast-main-header-display":"","ast-hfb-above-header-display":"","ast-hfb-below-header-display":"","ast-hfb-mobile-header-display":"","site-post-title":"disabled","ast-breadcrumbs-content":"","ast-featured-img":"disabled","footer-sml-layout":"","ast-disable-related-posts":"","theme-transparent-header-meta":"","adv-header-id-meta":"","stick-header-meta":"","header-above-stick-meta":"","header-main-stick-meta":"","header-below-stick-meta":"","astra-migrate-meta-layouts":"default","ast-page-background-enabled":"default","ast-page-background-meta":{"desktop":{"background-color":"var(--ast-global-color-4)","background-image":"","background-repeat":"repeat","background-position":"center center","background-size":"auto","background-attachment":"scroll","background-type":"","background-media":"","overlay-type":"","overlay-color":"","overlay-opacity":"","overlay-gradient":""},"tablet":{"background-color":"","background-image":"","background-repeat":"repeat","background-position":"center center","background-size":"auto","background-attachment":"scroll","background-type":"","background-media":"","overlay-type":"","overlay-color":"","overlay-opacity":"","overlay-gradient":""},"mobile":{"background-color":"","background-image":"","background-repeat":"repeat","background-position":"center center","background-size":"auto","background-attachment":"scroll","background-type":"","background-media":"","overlay-type":"","overlay-color":"","overlay-opacity":"","overlay-gradient":""}},"ast-content-background-meta":{"desktop":{"background-color":"var(--ast-global-color-5)","background-image":"","background-repeat":"repeat","background-position":"center center","background-size":"auto","background-attachment":"scroll","background-type":"","background-media":"","overlay-type":"","overlay-color":"","overlay-opacity":"","overlay-gradient":""},"tablet":{"background-color":"var(--ast-global-color-5)","background-image":"","background-repeat":"repeat","background-position":"center center","background-size":"auto","background-attachment":"scroll","background-type":"","background-media":"","overlay-type":"","overlay-color":"","overlay-opacity":"","overlay-gradient":""},"mobile":{"background-color":"var(--ast-global-color-5)","background-image":"","background-repeat":"repeat","background-position":"center center","background-size":"auto","background-attachment":"scroll","background-type":"","background-media":"","overlay-type":"","overlay-color":"","overlay-opacity":"","overlay-gradient":""}},"footnotes":""},"class_list":["post-120","page","type-page","status-publish","hentry"],"_links":{"self":[{"href":"https:\/\/www.memoriadamusica.com.br\/index.php\/wp-json\/wp\/v2\/pages\/120","targetHints":{"allow":["GET"]}}],"collection":[{"href":"https:\/\/www.memoriadamusica.com.br\/index.php\/wp-json\/wp\/v2\/pages"}],"about":[{"href":"https:\/\/www.memoriadamusica.com.br\/index.php\/wp-json\/wp\/v2\/types\/page"}],"author":[{"embeddable":true,"href":"https:\/\/www.memoriadamusica.com.br\/index.php\/wp-json\/wp\/v2\/users\/1"}],"replies":[{"embeddable":true,"href":"https:\/\/www.memoriadamusica.com.br\/index.php\/wp-json\/wp\/v2\/comments?post=120"}],"version-history":[{"count":33,"href":"https:\/\/www.memoriadamusica.com.br\/index.php\/wp-json\/wp\/v2\/pages\/120\/revisions"}],"predecessor-version":[{"id":3302,"href":"https:\/\/www.memoriadamusica.com.br\/index.php\/wp-json\/wp\/v2\/pages\/120\/revisions\/3302"}],"wp:attachment":[{"href":"https:\/\/www.memoriadamusica.com.br\/index.php\/wp-json\/wp\/v2\/media?parent=120"}],"curies":[{"name":"wp","href":"https:\/\/api.w.org\/{rel}","templated":true}]}}