{"id":1282,"date":"2024-03-20T08:34:55","date_gmt":"2024-03-20T11:34:55","guid":{"rendered":"https:\/\/webprisma.com.br\/memoriadamusica\/?page_id=1282"},"modified":"2025-10-07T02:53:11","modified_gmt":"2025-10-07T05:53:11","slug":"teatro-de-revista-paulistano-no-inicio-do-seculo-xx","status":"publish","type":"page","link":"https:\/\/www.memoriadamusica.com.br\/index.php\/teatro-de-revista-paulistano-no-inicio-do-seculo-xx\/","title":{"rendered":"Teatro de Revista paulistano no in\u00edcio do s\u00e9culo XX"},"content":{"rendered":"\t\t<div data-elementor-type=\"wp-page\" data-elementor-id=\"1282\" class=\"elementor elementor-1282\" data-elementor-settings=\"{&quot;ha_cmc_init_switcher&quot;:&quot;no&quot;}\" data-elementor-post-type=\"page\">\n\t\t\t\t<div class=\"elementor-element elementor-element-9ab7812 e-con-full e-flex e-con e-parent\" data-id=\"9ab7812\" data-element_type=\"container\" data-e-type=\"container\">\n\t\t\t\t<div class=\"elementor-element elementor-element-84eb473 elementor-widget elementor-widget-heading\" data-id=\"84eb473\" data-element_type=\"widget\" data-e-type=\"widget\" data-widget_type=\"heading.default\">\n\t\t\t\t<div class=\"elementor-widget-container\">\n\t\t\t\t\t<h1 class=\"elementor-heading-title elementor-size-default\">Teatro de Revista Paulistano no in\u00edcio do s\u00e9culo XX\u200b\u200b<\/h1>\t\t\t\t<\/div>\n\t\t\t\t<\/div>\n\t\t\t\t<\/div>\n\t\t<div class=\"elementor-element elementor-element-8d527f7 e-flex e-con-boxed e-con e-parent\" data-id=\"8d527f7\" data-element_type=\"container\" data-e-type=\"container\">\n\t\t\t\t\t<div class=\"e-con-inner\">\n\t\t<div class=\"elementor-element elementor-element-d852b7a e-flex e-con-boxed e-con e-child\" data-id=\"d852b7a\" data-element_type=\"container\" data-e-type=\"container\">\n\t\t\t\t\t<div class=\"e-con-inner\">\n\t\t\t\t<div class=\"elementor-element elementor-element-f85fe90 elementor-widget elementor-widget-text-editor\" data-id=\"f85fe90\" data-element_type=\"widget\" data-e-type=\"widget\" data-widget_type=\"text-editor.default\">\n\t\t\t\t<div class=\"elementor-widget-container\">\n\t\t\t\t\t\t\t\t\t<p>O teatro musicado foi um meio de difus\u00e3o e produ\u00e7\u00e3o musical muito importante no per\u00edodo que antecede o aparecimento dos meios de comunica\u00e7\u00e3o eletroeletr\u00f4nicos. Ele assumiu in\u00fameras formas no in\u00edcio do s\u00e9culo XX e nele compositores e instrumentistas divulgaram suas obras, artistas puderam se profissionalizar, g\u00eaneros musicais foram decantados e havia grande frequ\u00eancia de p\u00fablico. Na cidade de S\u00e3o Paulo tomou contornos muito particulares com a presen\u00e7a, por exemplo, das culturas dos imigrantes e da caipira, e muita participa\u00e7\u00e3o popular. Este banco de dados identifica e organiza justamente informa\u00e7\u00f5es sobre as v\u00e1rias realidades do teatro musicado na cidade e est\u00e1 composto com material da imprensa paulistana veiculado entre 1914(?) e 1934(?). Ele est\u00e1 disposto de tal forma que o leitor poder\u00e1 pesquisar os espet\u00e1culos, repert\u00f3rio, teatros, autores, compositores, instrumentistas que participaram da cena musical paulistana no per\u00edodo. E ele foi produzido como parte da tese de doutoramento de Virginia Bessa (Hist\u00f3ria Social USP) intitulada A cena musical paulistana: can\u00e7\u00e3o popular e teatro musicado em S\u00e3o Paulo (1914-1934).<\/p>\t\t\t\t\t\t\t\t<\/div>\n\t\t\t\t<\/div>\n\t\t\t\t\t<\/div>\n\t\t\t\t<\/div>\n\t\t\t\t\t<\/div>\n\t\t\t\t<\/div>\n\t\t<div class=\"elementor-element elementor-element-ab4fd94 e-con-full e-flex e-con e-parent\" data-id=\"ab4fd94\" data-element_type=\"container\" data-e-type=\"container\" data-settings=\"{&quot;background_background&quot;:&quot;classic&quot;}\">\n\t\t\t\t<div class=\"elementor-element elementor-element-e26741d elementor-invisible elementor-widget elementor-widget-text-editor\" data-id=\"e26741d\" data-element_type=\"widget\" data-e-type=\"widget\" data-settings=\"{&quot;_animation&quot;:&quot;fadeInDown&quot;}\" data-widget_type=\"text-editor.default\">\n\t\t\t\t<div class=\"elementor-widget-container\">\n\t\t\t\t\t\t\t\t\t<p>Banco de Dados<\/p>\t\t\t\t\t\t\t\t<\/div>\n\t\t\t\t<\/div>\n\t\t\t\t<div class=\"elementor-element elementor-element-d687b39 elementor-invisible elementor-widget elementor-widget-heading\" data-id=\"d687b39\" data-element_type=\"widget\" data-e-type=\"widget\" data-settings=\"{&quot;motion_fx_motion_fx_scrolling&quot;:&quot;yes&quot;,&quot;motion_fx_range&quot;:&quot;page&quot;,&quot;_animation&quot;:&quot;fadeInUp&quot;,&quot;motion_fx_devices&quot;:[&quot;desktop&quot;,&quot;tablet&quot;,&quot;mobile&quot;]}\" data-widget_type=\"heading.default\">\n\t\t\t\t<div class=\"elementor-widget-container\">\n\t\t\t\t\t<h2 class=\"elementor-heading-title elementor-size-default\">Teatro de Revista paulistano no in\u00edcio do s\u00e9culo XX<\/h2>\t\t\t\t<\/div>\n\t\t\t\t<\/div>\n\t\t\t\t<\/div>\n\t\t\t\t<\/div>\n\t\t","protected":false},"excerpt":{"rendered":"<p>Teatro de Revista Paulistano no in\u00edcio do s\u00e9culo XX\u200b\u200b O teatro musicado foi um meio de difus\u00e3o e produ\u00e7\u00e3o musical [&hellip;]<\/p>\n","protected":false},"author":1,"featured_media":0,"parent":0,"menu_order":0,"comment_status":"closed","ping_status":"closed","template":"","meta":{"site-sidebar-layout":"no-sidebar","site-content-layout":"","ast-site-content-layout":"full-width-container","site-content-style":"default","site-sidebar-style":"default","ast-global-header-display":"","ast-banner-title-visibility":"","ast-main-header-display":"","ast-hfb-above-header-display":"","ast-hfb-below-header-display":"","ast-hfb-mobile-header-display":"","site-post-title":"disabled","ast-breadcrumbs-content":"","ast-featured-img":"disabled","footer-sml-layout":"","ast-disable-related-posts":"","theme-transparent-header-meta":"","adv-header-id-meta":"","stick-header-meta":"","header-above-stick-meta":"","header-main-stick-meta":"","header-below-stick-meta":"","astra-migrate-meta-layouts":"default","ast-page-background-enabled":"default","ast-page-background-meta":{"desktop":{"background-color":"var(--ast-global-color-4)","background-image":"","background-repeat":"repeat","background-position":"center center","background-size":"auto","background-attachment":"scroll","background-type":"","background-media":"","overlay-type":"","overlay-color":"","overlay-opacity":"","overlay-gradient":""},"tablet":{"background-color":"","background-image":"","background-repeat":"repeat","background-position":"center center","background-size":"auto","background-attachment":"scroll","background-type":"","background-media":"","overlay-type":"","overlay-color":"","overlay-opacity":"","overlay-gradient":""},"mobile":{"background-color":"","background-image":"","background-repeat":"repeat","background-position":"center center","background-size":"auto","background-attachment":"scroll","background-type":"","background-media":"","overlay-type":"","overlay-color":"","overlay-opacity":"","overlay-gradient":""}},"ast-content-background-meta":{"desktop":{"background-color":"var(--ast-global-color-5)","background-image":"","background-repeat":"repeat","background-position":"center center","background-size":"auto","background-attachment":"scroll","background-type":"","background-media":"","overlay-type":"","overlay-color":"","overlay-opacity":"","overlay-gradient":""},"tablet":{"background-color":"var(--ast-global-color-5)","background-image":"","background-repeat":"repeat","background-position":"center center","background-size":"auto","background-attachment":"scroll","background-type":"","background-media":"","overlay-type":"","overlay-color":"","overlay-opacity":"","overlay-gradient":""},"mobile":{"background-color":"var(--ast-global-color-5)","background-image":"","background-repeat":"repeat","background-position":"center center","background-size":"auto","background-attachment":"scroll","background-type":"","background-media":"","overlay-type":"","overlay-color":"","overlay-opacity":"","overlay-gradient":""}},"footnotes":""},"class_list":["post-1282","page","type-page","status-publish","hentry"],"_links":{"self":[{"href":"https:\/\/www.memoriadamusica.com.br\/index.php\/wp-json\/wp\/v2\/pages\/1282","targetHints":{"allow":["GET"]}}],"collection":[{"href":"https:\/\/www.memoriadamusica.com.br\/index.php\/wp-json\/wp\/v2\/pages"}],"about":[{"href":"https:\/\/www.memoriadamusica.com.br\/index.php\/wp-json\/wp\/v2\/types\/page"}],"author":[{"embeddable":true,"href":"https:\/\/www.memoriadamusica.com.br\/index.php\/wp-json\/wp\/v2\/users\/1"}],"replies":[{"embeddable":true,"href":"https:\/\/www.memoriadamusica.com.br\/index.php\/wp-json\/wp\/v2\/comments?post=1282"}],"version-history":[{"count":3,"href":"https:\/\/www.memoriadamusica.com.br\/index.php\/wp-json\/wp\/v2\/pages\/1282\/revisions"}],"predecessor-version":[{"id":3144,"href":"https:\/\/www.memoriadamusica.com.br\/index.php\/wp-json\/wp\/v2\/pages\/1282\/revisions\/3144"}],"wp:attachment":[{"href":"https:\/\/www.memoriadamusica.com.br\/index.php\/wp-json\/wp\/v2\/media?parent=1282"}],"curies":[{"name":"wp","href":"https:\/\/api.w.org\/{rel}","templated":true}]}}